{"id":2754,"date":"2025-12-10T21:02:26","date_gmt":"2025-12-10T21:02:26","guid":{"rendered":"https:\/\/dentalswiss-clinics.ch\/dental-emergency-digital-dentistry\/"},"modified":"2026-04-04T16:52:17","modified_gmt":"2026-04-04T16:52:17","slug":"dental-emergency-digital-dentistry","status":"publish","type":"page","link":"https:\/\/dentalswiss-clinics.ch\/en\/dental-emergency-digital-dentistry\/","title":{"rendered":"Dental Emergency &amp; Digital Dentistry"},"content":{"rendered":"\n<div class=\"wp-block-uagb-container uagb-block-cefe1aed alignfull uagb-is-root-container\"><div class=\"uagb-container-inner-blocks-wrap\">\n<div class=\"wp-block-uagb-container uagb-block-19359412\"><\/div>\n<\/div><\/div>\n\n<div class=\"wp-block-uagb-container uagb-block-82dbf8a3 alignfull uagb-is-root-container\"><div class=\"uagb-container-inner-blocks-wrap\">\n<div class=\"wp-block-uagb-advanced-heading uagb-block-46d03be8\"><p class=\"uagb-desc-text\">A FAST AND LASTING SOLUTION WHEN TIME MATTERS<\/p><h1 class=\"uagb-heading-text\">Dental Emergency and Digital Dentistry<\/h1><\/div>\n\n\n\n<p><br\/>Some dental situations cannot be postponed. However, not all dental emergencies require immediate intervention.<br\/>In specific cases, the real challenge is not just to provide quick relief, but to find a reliable, lasting, and well-organized solution, without multiplying appointments or resorting to temporary treatments.<br\/>It is in this context that <a href=\"https:\/\/dentalswiss-clinics.ch\/en\/dentist-in-romandy-digital-dentistry-in-1-visit\/\">digital dentistry<\/a> can, depending on the clinical indication, allow for comprehensive care in a single visit, usually in less than 2h30. <\/p>\n<\/div><\/div>\n\n<div class=\"wp-block-uagb-container uagb-block-27432358 alignfull uagb-is-root-container\"><div class=\"uagb-container-inner-blocks-wrap\">\n<div class=\"wp-block-uagb-advanced-heading uagb-block-f0945173\"><p class=\"uagb-desc-text\">UNDERSTANDING THE DIFFERENT SITUATIONS<\/p><h2 class=\"uagb-heading-text\">A dental emergency does not always mean immediate intervention<\/h2><\/div>\n\n\n\n<p>The term &#8220;dental emergency&#8221; covers very different situations. Some require immediate local intervention, while others primarily need efficient organization to provide a definitive solution within a short timeframe. <\/p>\n<\/div><\/div>\n\n<div class=\"wp-block-uagb-container uagb-block-768d7e82 alignfull uagb-is-root-container\"><div class=\"uagb-container-inner-blocks-wrap\">\n<div class=\"wp-block-uagb-advanced-heading uagb-block-d522c1a1\"><h2 class=\"uagb-heading-text\">Two types of dental emergencies to distinguish<\/h2><\/div>\n<\/div><\/div>\n\n<div class=\"wp-block-uagb-container uagb-block-9739556d alignfull uagb-is-root-container\"><div class=\"uagb-container-inner-blocks-wrap\">\n<div class=\"wp-block-uagb-advanced-heading uagb-block-04d86a3a\"><p class=\"uagb-desc-text\">ESSENTIAL LOCAL TREATMENT<\/p><h2 class=\"uagb-heading-text\">Immediate Dental Emergency<\/h2><\/div>\n\n\n\n<ul class=\"wp-block-list\">\n<li>acute or uncontrollable pain<\/li>\n\n\n\n<li>severe infections<\/li>\n\n\n\n<li>major trauma<\/li>\n<\/ul>\n<\/div><\/div>\n\n<div class=\"wp-block-uagb-container uagb-block-360381ef alignfull uagb-is-root-container\"><div class=\"uagb-container-inner-blocks-wrap\">\n<div class=\"wp-block-uagb-advanced-heading uagb-block-83d2506b\"><p class=\"uagb-desc-text\">WHEN TREATMENT CANNOT BE POSTPONED<\/p><h2 class=\"uagb-heading-text\">Organized Dental Emergency<\/h2><\/div>\n\n\n\n<ul class=\"wp-block-list\">\n<li>a broken or fractured tooth<\/li>\n\n\n\n<li>a dislodged crown or restoration<\/li>\n\n\n\n<li>persistent pain incompatible with work, travel, or daily life<\/li>\n<\/ul>\n<\/div><\/div>\n\n<div class=\"wp-block-uagb-container uagb-block-134f88a5 alignfull uagb-is-root-container\"><div class=\"uagb-container-inner-blocks-wrap\">\n<div class=\"wp-block-uagb-advanced-heading uagb-block-6d38e07b\"><p class=\"uagb-desc-text\">ACCUMULATED PAIN, SCHEDULE, AND STRESS<\/p><h2 class=\"uagb-heading-text\">When emergency becomes a problem of time and constraints<\/h2><\/div>\n\n\n\n<p>Many patients face a dental emergency when:<\/p>\n\n\n\n<ul class=\"wp-block-list\">\n<li>their schedule is very tight,<\/li>\n\n\n\n<li>repeated travel is difficult to organize,<\/li>\n\n\n\n<li>the prospect of multiple appointments generates stress or anxiety,<\/li>\n\n\n\n<li>a temporary treatment is not desirable.<\/li>\n<\/ul>\n<\/div><\/div>\n\n<div class=\"wp-block-uagb-container uagb-block-c726b21d alignfull uagb-is-root-container\"><div class=\"uagb-container-inner-blocks-wrap\">\n<div class=\"wp-block-uagb-advanced-heading uagb-block-7890ff57\"><p class=\"uagb-desc-text\">ORGANIZATION AND TECHNOLOGY IN SERVICE OF CARE<\/p><h2 class=\"uagb-heading-text\">An approach based on digital dentistry<\/h2><\/div>\n\n\n\n<p><a href=\"https:\/\/dentalswiss-clinics.ch\/en\/dentist-in-romandy-digital-dentistry-in-1-visit\/\">Thanks to a fully digitalized workflow<\/a> \u2014 intra-oral scanner, digital planning, and on-site manufacturing \u2014 it is possible, <strong>in certain well-defined cases<\/strong>, to optimize the management of organized emergencies.<\/p>\n<\/div><\/div>\n\n<div class=\"wp-block-uagb-container uagb-block-bda7635a alignfull uagb-is-root-container\"><div class=\"uagb-container-inner-blocks-wrap\">\n<div class=\"wp-block-uagb-advanced-heading uagb-block-ab4384ba\"><p class=\"uagb-desc-text\">GENERALLY IN UNDER 2.5 HOURS<\/p><h2 class=\"uagb-heading-text\">Care possible in a single visit, in some cases<\/h2><\/div>\n\n\n\n<p>Depending on the clinical evaluation, some dental treatments can be completed in <strong>a single visit<\/strong>, usually in under 2 hours and 30 minutes.<br\/>This organization notably allows for:<\/p>\n\n\n\n<ul class=\"wp-block-list\">\n<li>avoiding temporary treatments,<\/li>\n\n\n\n<li>reducing the total number of appointments,<\/li>\n\n\n\n<li>offering a finalized treatment more quickly,<\/li>\n\n\n\n<li>improving the overall predictability of care.<\/li>\n<\/ul>\n<\/div><\/div>\n\n<div class=\"wp-block-uagb-container uagb-block-6e7c66c4 alignfull uagb-is-root-container\"><div class=\"uagb-container-inner-blocks-wrap\">\n<div class=\"wp-block-uagb-advanced-heading uagb-block-b722e887\"><p class=\"uagb-desc-text\">WHEN THE ORGANIZATION OF CARE TAKES PRECEDENCE OVER PROXIMITY<\/p><h2 class=\"uagb-heading-text\">Why some patients travel for this type of emergency<\/h2><\/div>\n\n\n\n<p>When a dental emergency requires a <strong>fast and lasting solution<\/strong>, geographical proximity is not always the determining factor.<\/p>\n<\/div><\/div>\n\n<div class=\"wp-block-uagb-container uagb-block-1c646854 alignfull uagb-is-root-container\"><div class=\"uagb-container-inner-blocks-wrap\">\n<div class=\"wp-block-uagb-advanced-heading uagb-block-f867f445\"><p class=\"uagb-desc-text\">LIMITING APPOINTMENTS TO REDUCE STRESS<\/p><h2 class=\"uagb-heading-text\">An approach particularly suited to certain anxious patients<\/h2><\/div>\n\n\n\n<p>For anxious patients, multiple appointments can increase stress and apprehension about treatment.<br\/>In some cases, an organization that allows treatment to be consolidated into a single visit can help improve patient comfort.<\/p>\n<\/div><\/div>\n\n<div class=\"wp-block-uagb-container uagb-block-29e7bd2a alignfull uagb-is-root-container\"><div class=\"uagb-container-inner-blocks-wrap\">\n<div class=\"wp-block-uagb-advanced-heading uagb-block-61cc2e0c\"><p class=\"uagb-desc-text\">CLEAR MEDICAL LIMITATIONS<\/p><h2 class=\"uagb-heading-text\">Limitations of this approach<\/h2><\/div>\n\n\n\n<p>This specific organization:<\/p>\n\n\n\n<ul class=\"wp-block-list\">\n<li>does not apply to all dental emergencies,<\/li>\n\n\n\n<li>does not replace immediate local intervention when it is essential,<\/li>\n\n\n\n<li>does not constitute a universal promise of single-visit treatment.<\/li>\n<\/ul>\n<\/div><\/div>\n","protected":false},"excerpt":{"rendered":"<p>A FAST AND LASTING SOLUTION WHEN TIME MATTERS Dental Emergency and Digital Dentistry Some dental situations cannot be postponed. However, not all dental emergencies require immediate intervention.In specific cases, the real challenge is not just to provide quick relief, but to find a reliable, lasting, and well-organized solution, without multiplying appointments or resorting to temporary [&hellip;]<\/p>\n","protected":false},"author":1,"featured_media":0,"parent":0,"menu_order":0,"comment_status":"closed","ping_status":"closed","template":"","meta":{"_uag_custom_page_level_css":"","site-sidebar-layout":"default","site-content-layout":"","ast-site-content-layout":"default","site-content-style":"default","site-sidebar-style":"default","ast-global-header-display":"","ast-banner-title-visibility":"","ast-main-header-display":"","ast-hfb-above-header-display":"","ast-hfb-below-header-display":"","ast-hfb-mobile-header-display":"","site-post-title":"disabled","ast-breadcrumbs-content":"","ast-featured-img":"","footer-sml-layout":"","ast-disable-related-posts":"","theme-transparent-header-meta":"","adv-header-id-meta":"","stick-header-meta":"","header-above-stick-meta":"","header-main-stick-meta":"","header-below-stick-meta":"","astra-migrate-meta-layouts":"set","ast-page-background-enabled":"default","ast-page-background-meta":{"desktop":{"background-color":"var(--ast-global-color-4)","background-image":"","background-repeat":"repeat","background-position":"center center","background-size":"auto","background-attachment":"scroll","background-type":"","background-media":"","overlay-type":"","overlay-color":"","overlay-opacity":"","overlay-gradient":""},"tablet":{"background-color":"","background-image":"","background-repeat":"repeat","background-position":"center center","background-size":"auto","background-attachment":"scroll","background-type":"","background-media":"","overlay-type":"","overlay-color":"","overlay-opacity":"","overlay-gradient":""},"mobile":{"background-color":"","background-image":"","background-repeat":"repeat","background-position":"center center","background-size":"auto","background-attachment":"scroll","background-type":"","background-media":"","overlay-type":"","overlay-color":"","overlay-opacity":"","overlay-gradient":""}},"ast-content-background-meta":{"desktop":{"background-color":"var(--ast-global-color-5)","background-image":"","background-repeat":"repeat","background-position":"center center","background-size":"auto","background-attachment":"scroll","background-type":"","background-media":"","overlay-type":"","overlay-color":"","overlay-opacity":"","overlay-gradient":""},"tablet":{"background-color":"var(--ast-global-color-5)","background-image":"","background-repeat":"repeat","background-position":"center center","background-size":"auto","background-attachment":"scroll","background-type":"","background-media":"","overlay-type":"","overlay-color":"","overlay-opacity":"","overlay-gradient":""},"mobile":{"background-color":"var(--ast-global-color-5)","background-image":"","background-repeat":"repeat","background-position":"center center","background-size":"auto","background-attachment":"scroll","background-type":"","background-media":"","overlay-type":"","overlay-color":"","overlay-opacity":"","overlay-gradient":""}},"footnotes":""},"class_list":["post-2754","page","type-page","status-publish","hentry"],"yoast_head":"<!-- This site is optimized with the Yoast SEO Premium plugin v27.5 (Yoast SEO v27.5) - https:\/\/yoast.com\/product\/yoast-seo-premium-wordpress\/ -->\n<title>Dental Emergency &amp; Digital Solution | Montreux<\/title>\n<meta name=\"description\" content=\"Broken or dislodged crown emergency? In some cases, digital dentistry offers a definitive solution in a single visit in Montreux.\" \/>\n<meta name=\"robots\" content=\"index, follow, max-snippet:-1, max-image-preview:large, max-video-preview:-1\" \/>\n<link rel=\"canonical\" href=\"https:\/\/dentalswiss-clinics.ch\/en\/dental-emergency-digital-dentistry\/\" \/>\n<meta property=\"og:locale\" content=\"en_US\" \/>\n<meta property=\"og:type\" content=\"article\" \/>\n<meta property=\"og:title\" content=\"Dental Emergency &amp; Digital Dentistry\" \/>\n<meta property=\"og:description\" content=\"Broken or dislodged crown emergency? In some cases, digital dentistry offers a definitive solution in a single visit in Montreux.\" \/>\n<meta property=\"og:url\" content=\"https:\/\/dentalswiss-clinics.ch\/en\/dental-emergency-digital-dentistry\/\" \/>\n<meta property=\"og:site_name\" content=\"Dental Swiss Clinics\" \/>\n<meta property=\"article:modified_time\" content=\"2026-04-04T16:52:17+00:00\" \/>\n<meta property=\"og:image\" content=\"https:\/\/dentalswiss-clinics.ch\/wp-content\/uploads\/2025\/10\/dentiste-montreux-dental-swiss-clinics-bienvenue.png\" \/>\n\t<meta property=\"og:image:width\" content=\"1152\" \/>\n\t<meta property=\"og:image:height\" content=\"896\" \/>\n\t<meta property=\"og:image:type\" content=\"image\/png\" \/>\n<meta name=\"twitter:card\" content=\"summary_large_image\" \/>\n<meta name=\"twitter:label1\" content=\"Est. reading time\" \/>\n\t<meta name=\"twitter:data1\" content=\"4 minutes\" \/>\n<script type=\"application\/ld+json\" class=\"yoast-schema-graph\">{\"@context\":\"https:\\\/\\\/schema.org\",\"@graph\":[{\"@type\":[\"WebPage\",\"MedicalWebPage\"],\"@id\":\"https:\\\/\\\/dentalswiss-clinics.ch\\\/en\\\/dental-emergency-digital-dentistry\\\/\",\"url\":\"https:\\\/\\\/dentalswiss-clinics.ch\\\/en\\\/dental-emergency-digital-dentistry\\\/\",\"name\":\"Dental Emergency & Digital Solution | Montreux\",\"isPartOf\":{\"@id\":\"https:\\\/\\\/dentalswiss-clinics.ch\\\/en\\\/#website\"},\"datePublished\":\"2025-12-10T21:02:26+00:00\",\"dateModified\":\"2026-04-04T16:52:17+00:00\",\"description\":\"Broken or dislodged crown emergency? In some cases, digital dentistry offers a definitive solution in a single visit in Montreux.\",\"breadcrumb\":{\"@id\":\"https:\\\/\\\/dentalswiss-clinics.ch\\\/en\\\/dental-emergency-digital-dentistry\\\/#breadcrumb\"},\"inLanguage\":\"en-US\",\"potentialAction\":[{\"@type\":\"ReadAction\",\"target\":[\"https:\\\/\\\/dentalswiss-clinics.ch\\\/en\\\/dental-emergency-digital-dentistry\\\/\"]}]},{\"@type\":\"BreadcrumbList\",\"@id\":\"https:\\\/\\\/dentalswiss-clinics.ch\\\/en\\\/dental-emergency-digital-dentistry\\\/#breadcrumb\",\"itemListElement\":[{\"@type\":\"ListItem\",\"position\":1,\"name\":\"Accueil\",\"item\":\"https:\\\/\\\/dentalswiss-clinics.ch\\\/en\\\/\"},{\"@type\":\"ListItem\",\"position\":2,\"name\":\"Dental Emergency &amp; Digital Dentistry\"}]},{\"@type\":\"WebSite\",\"@id\":\"https:\\\/\\\/dentalswiss-clinics.ch\\\/en\\\/#website\",\"url\":\"https:\\\/\\\/dentalswiss-clinics.ch\\\/en\\\/\",\"name\":\"Dental Swiss Clinics\",\"description\":\"Votre sourire, notre pr\u00e9cision digitale\",\"publisher\":{\"@id\":\"https:\\\/\\\/dentalswiss-clinics.ch\\\/en\\\/#organization\"},\"potentialAction\":[{\"@type\":\"SearchAction\",\"target\":{\"@type\":\"EntryPoint\",\"urlTemplate\":\"https:\\\/\\\/dentalswiss-clinics.ch\\\/en\\\/?s={search_term_string}\"},\"query-input\":{\"@type\":\"PropertyValueSpecification\",\"valueRequired\":true,\"valueName\":\"search_term_string\"}}],\"inLanguage\":\"en-US\"},{\"@type\":[\"Organization\",\"Place\",\"Dentist\"],\"@id\":\"https:\\\/\\\/dentalswiss-clinics.ch\\\/en\\\/#organization\",\"name\":\"Dental Swiss Clinics\",\"url\":\"https:\\\/\\\/dentalswiss-clinics.ch\\\/en\\\/\",\"logo\":{\"@id\":\"https:\\\/\\\/dentalswiss-clinics.ch\\\/en\\\/dental-emergency-digital-dentistry\\\/#local-main-organization-logo\"},\"image\":{\"@id\":\"https:\\\/\\\/dentalswiss-clinics.ch\\\/en\\\/dental-emergency-digital-dentistry\\\/#local-main-organization-logo\"},\"sameAs\":[\"https:\\\/\\\/www.instagram.com\\\/dental_swiss_clinics\\\/?hl=fr\",\"https:\\\/\\\/www.linkedin.com\\\/in\\\/dental-swiss-clinics-montreux\\\/?originalSubdomain=ch\"],\"description\":\"Dental Swiss Clinics, votre cabinet dentaire \u00e0 Montreux : soins modernes, urgences, dentisterie num\u00e9rique et esth\u00e9tique pour toute la famille.\",\"legalName\":\"Dental Swiss Clinics Riviera SA\",\"foundingDate\":\"2016-10-01\",\"numberOfEmployees\":{\"@type\":\"QuantitativeValue\",\"minValue\":\"1\",\"maxValue\":\"10\"},\"publishingPrinciples\":\"https:\\\/\\\/dentalswiss-clinics.ch\\\/\",\"address\":{\"@id\":\"https:\\\/\\\/dentalswiss-clinics.ch\\\/en\\\/dental-emergency-digital-dentistry\\\/#local-main-place-address\"},\"geo\":{\"@type\":\"GeoCoordinates\",\"latitude\":\"46.43457\",\"longitude\":\"6.91044\"},\"telephone\":[\"0219665454\"],\"openingHoursSpecification\":[{\"@type\":\"OpeningHoursSpecification\",\"dayOfWeek\":[\"Monday\",\"Tuesday\",\"Wednesday\",\"Thursday\",\"Friday\"],\"opens\":\"08:00\",\"closes\":\"20:00\"},{\"@type\":\"OpeningHoursSpecification\",\"dayOfWeek\":[\"Saturday\",\"Sunday\"],\"opens\":\"00:00\",\"closes\":\"00:00\"}],\"email\":\"contact@dentalswiss-clinics.ch\",\"areaServed\":\"Montreux et Suisse romande\",\"vatID\":\"CHE-131.066.202\",\"globalLocationNumber\":\"7601002524704\",\"priceRange\":\"$$\",\"currenciesAccepted\":\"CHF\",\"paymentAccepted\":\"carte bancaire, num\u00e9raire, twint, google pay, apple pay\"},{\"@type\":\"PostalAddress\",\"@id\":\"https:\\\/\\\/dentalswiss-clinics.ch\\\/en\\\/dental-emergency-digital-dentistry\\\/#local-main-place-address\",\"streetAddress\":\"Grand Rue 52\",\"addressLocality\":\"Montreux\",\"postalCode\":\"1820\",\"addressCountry\":\"CH\"},{\"@type\":\"ImageObject\",\"inLanguage\":\"en-US\",\"@id\":\"https:\\\/\\\/dentalswiss-clinics.ch\\\/en\\\/dental-emergency-digital-dentistry\\\/#local-main-organization-logo\",\"url\":\"https:\\\/\\\/dentalswiss-clinics.ch\\\/wp-content\\\/uploads\\\/2025\\\/08\\\/LOGO-DSC.jpg\",\"contentUrl\":\"https:\\\/\\\/dentalswiss-clinics.ch\\\/wp-content\\\/uploads\\\/2025\\\/08\\\/LOGO-DSC.jpg\",\"width\":426,\"height\":492,\"caption\":\"Dental Swiss Clinics\"}]}<\/script>\n<meta name=\"geo.placename\" content=\"Montreux\" \/>\n<meta name=\"geo.position\" content=\"46.43457;6.91044\" \/>\n<meta name=\"geo.region\" content=\"Switzerland\" \/>\n<!-- \/ Yoast SEO Premium plugin. -->","yoast_head_json":{"title":"Dental Emergency & Digital Solution | Montreux","description":"Broken or dislodged crown emergency? In some cases, digital dentistry offers a definitive solution in a single visit in Montreux.","robots":{"index":"index","follow":"follow","max-snippet":"max-snippet:-1","max-image-preview":"max-image-preview:large","max-video-preview":"max-video-preview:-1"},"canonical":"https:\/\/dentalswiss-clinics.ch\/en\/dental-emergency-digital-dentistry\/","og_locale":"en_US","og_type":"article","og_title":"Dental Emergency &amp; Digital Dentistry","og_description":"Broken or dislodged crown emergency? In some cases, digital dentistry offers a definitive solution in a single visit in Montreux.","og_url":"https:\/\/dentalswiss-clinics.ch\/en\/dental-emergency-digital-dentistry\/","og_site_name":"Dental Swiss Clinics","article_modified_time":"2026-04-04T16:52:17+00:00","og_image":[{"width":1152,"height":896,"url":"https:\/\/dentalswiss-clinics.ch\/wp-content\/uploads\/2025\/10\/dentiste-montreux-dental-swiss-clinics-bienvenue.png","type":"image\/png"}],"twitter_card":"summary_large_image","twitter_misc":{"Est. reading time":"4 minutes"},"schema":{"@context":"https:\/\/schema.org","@graph":[{"@type":["WebPage","MedicalWebPage"],"@id":"https:\/\/dentalswiss-clinics.ch\/en\/dental-emergency-digital-dentistry\/","url":"https:\/\/dentalswiss-clinics.ch\/en\/dental-emergency-digital-dentistry\/","name":"Dental Emergency & Digital Solution | Montreux","isPartOf":{"@id":"https:\/\/dentalswiss-clinics.ch\/en\/#website"},"datePublished":"2025-12-10T21:02:26+00:00","dateModified":"2026-04-04T16:52:17+00:00","description":"Broken or dislodged crown emergency? In some cases, digital dentistry offers a definitive solution in a single visit in Montreux.","breadcrumb":{"@id":"https:\/\/dentalswiss-clinics.ch\/en\/dental-emergency-digital-dentistry\/#breadcrumb"},"inLanguage":"en-US","potentialAction":[{"@type":"ReadAction","target":["https:\/\/dentalswiss-clinics.ch\/en\/dental-emergency-digital-dentistry\/"]}]},{"@type":"BreadcrumbList","@id":"https:\/\/dentalswiss-clinics.ch\/en\/dental-emergency-digital-dentistry\/#breadcrumb","itemListElement":[{"@type":"ListItem","position":1,"name":"Accueil","item":"https:\/\/dentalswiss-clinics.ch\/en\/"},{"@type":"ListItem","position":2,"name":"Dental Emergency &amp; Digital Dentistry"}]},{"@type":"WebSite","@id":"https:\/\/dentalswiss-clinics.ch\/en\/#website","url":"https:\/\/dentalswiss-clinics.ch\/en\/","name":"Dental Swiss Clinics","description":"Votre sourire, notre pr\u00e9cision digitale","publisher":{"@id":"https:\/\/dentalswiss-clinics.ch\/en\/#organization"},"potentialAction":[{"@type":"SearchAction","target":{"@type":"EntryPoint","urlTemplate":"https:\/\/dentalswiss-clinics.ch\/en\/?s={search_term_string}"},"query-input":{"@type":"PropertyValueSpecification","valueRequired":true,"valueName":"search_term_string"}}],"inLanguage":"en-US"},{"@type":["Organization","Place","Dentist"],"@id":"https:\/\/dentalswiss-clinics.ch\/en\/#organization","name":"Dental Swiss Clinics","url":"https:\/\/dentalswiss-clinics.ch\/en\/","logo":{"@id":"https:\/\/dentalswiss-clinics.ch\/en\/dental-emergency-digital-dentistry\/#local-main-organization-logo"},"image":{"@id":"https:\/\/dentalswiss-clinics.ch\/en\/dental-emergency-digital-dentistry\/#local-main-organization-logo"},"sameAs":["https:\/\/www.instagram.com\/dental_swiss_clinics\/?hl=fr","https:\/\/www.linkedin.com\/in\/dental-swiss-clinics-montreux\/?originalSubdomain=ch"],"description":"Dental Swiss Clinics, votre cabinet dentaire \u00e0 Montreux : soins modernes, urgences, dentisterie num\u00e9rique et esth\u00e9tique pour toute la famille.","legalName":"Dental Swiss Clinics Riviera SA","foundingDate":"2016-10-01","numberOfEmployees":{"@type":"QuantitativeValue","minValue":"1","maxValue":"10"},"publishingPrinciples":"https:\/\/dentalswiss-clinics.ch\/","address":{"@id":"https:\/\/dentalswiss-clinics.ch\/en\/dental-emergency-digital-dentistry\/#local-main-place-address"},"geo":{"@type":"GeoCoordinates","latitude":"46.43457","longitude":"6.91044"},"telephone":["0219665454"],"openingHoursSpecification":[{"@type":"OpeningHoursSpecification","dayOfWeek":["Monday","Tuesday","Wednesday","Thursday","Friday"],"opens":"08:00","closes":"20:00"},{"@type":"OpeningHoursSpecification","dayOfWeek":["Saturday","Sunday"],"opens":"00:00","closes":"00:00"}],"email":"contact@dentalswiss-clinics.ch","areaServed":"Montreux et Suisse romande","vatID":"CHE-131.066.202","globalLocationNumber":"7601002524704","priceRange":"$$","currenciesAccepted":"CHF","paymentAccepted":"carte bancaire, num\u00e9raire, twint, google pay, apple pay"},{"@type":"PostalAddress","@id":"https:\/\/dentalswiss-clinics.ch\/en\/dental-emergency-digital-dentistry\/#local-main-place-address","streetAddress":"Grand Rue 52","addressLocality":"Montreux","postalCode":"1820","addressCountry":"CH"},{"@type":"ImageObject","inLanguage":"en-US","@id":"https:\/\/dentalswiss-clinics.ch\/en\/dental-emergency-digital-dentistry\/#local-main-organization-logo","url":"https:\/\/dentalswiss-clinics.ch\/wp-content\/uploads\/2025\/08\/LOGO-DSC.jpg","contentUrl":"https:\/\/dentalswiss-clinics.ch\/wp-content\/uploads\/2025\/08\/LOGO-DSC.jpg","width":426,"height":492,"caption":"Dental Swiss Clinics"}]},"geo.placename":"Montreux","geo.position":{"lat":"46.43457","long":"6.91044"},"geo.region":"Switzerland"},"uagb_featured_image_src":{"full":false,"thumbnail":false,"medium":false,"medium_large":false,"large":false,"1536x1536":false,"2048x2048":false},"uagb_author_info":{"display_name":"Dr Salim Zerguine \/ Dental Swiss Clinics","author_link":"https:\/\/dentalswiss-clinics.ch\/en\/author\/admin\/"},"uagb_comment_info":0,"uagb_excerpt":"A FAST AND LASTING SOLUTION WHEN TIME MATTERS Dental Emergency and Digital Dentistry Some dental situations cannot be postponed. However, not all dental emergencies require immediate intervention.In specific cases, the real challenge is not just to provide quick relief, but to find a reliable, lasting, and well-organized solution, without multiplying appointments or resorting to temporary&hellip;","_links":{"self":[{"href":"https:\/\/dentalswiss-clinics.ch\/en\/wp-json\/wp\/v2\/pages\/2754","targetHints":{"allow":["GET"]}}],"collection":[{"href":"https:\/\/dentalswiss-clinics.ch\/en\/wp-json\/wp\/v2\/pages"}],"about":[{"href":"https:\/\/dentalswiss-clinics.ch\/en\/wp-json\/wp\/v2\/types\/page"}],"author":[{"embeddable":true,"href":"https:\/\/dentalswiss-clinics.ch\/en\/wp-json\/wp\/v2\/users\/1"}],"replies":[{"embeddable":true,"href":"https:\/\/dentalswiss-clinics.ch\/en\/wp-json\/wp\/v2\/comments?post=2754"}],"version-history":[{"count":7,"href":"https:\/\/dentalswiss-clinics.ch\/en\/wp-json\/wp\/v2\/pages\/2754\/revisions"}],"predecessor-version":[{"id":3847,"href":"https:\/\/dentalswiss-clinics.ch\/en\/wp-json\/wp\/v2\/pages\/2754\/revisions\/3847"}],"wp:attachment":[{"href":"https:\/\/dentalswiss-clinics.ch\/en\/wp-json\/wp\/v2\/media?parent=2754"}],"curies":[{"name":"wp","href":"https:\/\/api.w.org\/{rel}","templated":true}]}}