{"id":3120,"date":"2026-01-17T21:09:35","date_gmt":"2026-01-17T21:09:35","guid":{"rendered":"https:\/\/dentalswiss-clinics.ch\/privacy-policy\/"},"modified":"2026-01-19T13:57:59","modified_gmt":"2026-01-19T13:57:59","slug":"privacy-policy","status":"publish","type":"page","link":"https:\/\/dentalswiss-clinics.ch\/en\/privacy-policy\/","title":{"rendered":"Privacy Policy"},"content":{"rendered":"\n<div class=\"wp-block-uagb-container uagb-block-445347c3 alignfull uagb-is-root-container\"><div class=\"uagb-container-inner-blocks-wrap\">\n<figure class=\"wp-block-image size-large\"><img loading=\"lazy\" decoding=\"async\" width=\"1024\" height=\"796\" src=\"https:\/\/dentalswiss-clinics.ch\/wp-content\/uploads\/2025\/10\/dentiste-montreux-dental-swiss-clinics-bienvenue-1024x796.png\" alt=\"\" class=\"wp-image-2472\" srcset=\"https:\/\/dentalswiss-clinics.ch\/wp-content\/uploads\/2025\/10\/dentiste-montreux-dental-swiss-clinics-bienvenue-1024x796.png 1024w, https:\/\/dentalswiss-clinics.ch\/wp-content\/uploads\/2025\/10\/dentiste-montreux-dental-swiss-clinics-bienvenue-300x233.png 300w, https:\/\/dentalswiss-clinics.ch\/wp-content\/uploads\/2025\/10\/dentiste-montreux-dental-swiss-clinics-bienvenue-768x597.png 768w, https:\/\/dentalswiss-clinics.ch\/wp-content\/uploads\/2025\/10\/dentiste-montreux-dental-swiss-clinics-bienvenue.png 1152w\" sizes=\"auto, (max-width: 1024px) 100vw, 1024px\" \/><\/figure>\n<\/div><\/div>\n\n\n\n<div class=\"wp-block-uagb-container uagb-block-82dbf8a3 alignfull uagb-is-root-container\"><div class=\"uagb-container-inner-blocks-wrap\">\n<div class=\"wp-block-uagb-advanced-heading uagb-block-46d03be8\"><h1 class=\"uagb-heading-text\">Privacy Policy<\/h1><\/div>\n\n\n\n<p><br>Dental Swiss Clinics attaches particular importance to the protection of personal data of its patients, visitors, and website users.<\/p>\n\n\n\n<p>The purpose of this privacy policy is to clearly and transparently explain how personal data is collected, used, and protected, in accordance with the <strong>Swiss Federal Act on Data Protection (FADP)<\/strong> and, where applicable, the <strong>General Data Protection Regulation (GDPR)<\/strong>.<\/p>\n<\/div><\/div>\n\n\n\n<div class=\"wp-block-uagb-container uagb-block-27432358 alignfull uagb-is-root-container\"><div class=\"uagb-container-inner-blocks-wrap\">\n<div class=\"wp-block-uagb-advanced-heading uagb-block-f0945173\"><h2 class=\"uagb-heading-text\">Data Controller<\/h2><\/div>\n\n\n\n<p><br>The data controller is:<\/p>\n\n\n\n<p><strong>Dental Swiss Clinics Riviera SA<\/strong><br>Grand-Rue 52<br>1820 Montreux<br>Switzerland<\/p>\n\n\n\n<p>Email: <strong><a href=\"mailto:contact@dentalswiss-clinics.ch\">contact@dentalswiss-clinics.ch<\/a><\/strong><\/p>\n<\/div><\/div>\n\n\n\n<div class=\"wp-block-uagb-container uagb-block-134f88a5 alignfull uagb-is-root-container\"><div class=\"uagb-container-inner-blocks-wrap\">\n<div class=\"wp-block-uagb-advanced-heading uagb-block-6d38e07b\"><h2 class=\"uagb-heading-text\">Personal Data Collected<\/h2><\/div>\n\n\n\n<p><br>We only collect data necessary for proper patient care and website operation, including:<\/p>\n\n\n\n<ul class=\"wp-block-list\">\n<li>identification data (last name, first name),<\/li>\n\n\n\n<li>contact details (email, phone),<\/li>\n\n\n\n<li>information submitted via contact or appointment forms,<\/li>\n\n\n\n<li>anonymized browsing data (via technical cookies).<\/li>\n<\/ul>\n\n\n\n<p>No unnecessary data is collected.<\/p>\n<\/div><\/div>\n\n\n\n<div class=\"wp-block-uagb-container uagb-block-c726b21d alignfull uagb-is-root-container\"><div class=\"uagb-container-inner-blocks-wrap\">\n<div class=\"wp-block-uagb-advanced-heading uagb-block-7890ff57\"><h2 class=\"uagb-heading-text\">Purposes of Processing<\/h2><\/div>\n\n\n\n<p><br>Personal data is processed exclusively for the following purposes:<\/p>\n\n\n\n<ul class=\"wp-block-list\">\n<li>management of contact and appointment requests,<\/li>\n\n\n\n<li>communication with patients,<\/li>\n\n\n\n<li>organization and follow-up of dental care,<\/li>\n\n\n\n<li>improvement of website operation and security,<\/li>\n\n\n\n<li>compliance with legal and regulatory obligations.<\/li>\n<\/ul>\n\n\n\n<p>Data is never used for unsolicited commercial purposes.<\/p>\n<\/div><\/div>\n\n\n\n<div class=\"wp-block-uagb-container uagb-block-bda7635a alignfull uagb-is-root-container\"><div class=\"uagb-container-inner-blocks-wrap\">\n<div class=\"wp-block-uagb-advanced-heading uagb-block-ab4384ba\"><h2 class=\"uagb-heading-text\">Health Data<\/h2><\/div>\n\n\n\n<p><br>Within the scope of medical activity, certain health data may be processed.<br><br>This data is considered <strong>particularly sensitive<\/strong> and is subject to enhanced security measures, in accordance with the legal requirements applicable to healthcare professionals.<br><br>It is only accessible to authorized professionals and solely within the context of medical care.<\/p>\n<\/div><\/div>\n\n\n\n<div class=\"wp-block-uagb-container uagb-block-6e7c66c4 alignfull uagb-is-root-container\"><div class=\"uagb-container-inner-blocks-wrap\">\n<div class=\"wp-block-uagb-advanced-heading uagb-block-b722e887\"><h2 class=\"uagb-heading-text\">Data Transmission to Third Parties<\/h2><\/div>\n\n\n\n<p><br>Personal data is <strong>neither sold, rented, nor transmitted<\/strong> to third parties for commercial purposes.<br><br>However, it may be transmitted to technical service providers or partners strictly necessary for the operation of the practice or the website (hosting, maintenance), in compliance with confidentiality and security obligations.<\/p>\n<\/div><\/div>\n\n\n\n<div class=\"wp-block-uagb-container uagb-block-1c646854 alignfull uagb-is-root-container\"><div class=\"uagb-container-inner-blocks-wrap\">\n<div class=\"wp-block-uagb-advanced-heading uagb-block-f867f445\"><h2 class=\"uagb-heading-text\">Data Hosting and Security<\/h2><\/div>\n\n\n\n<p><br>The website is hosted on secure servers.<br><br>Dental Swiss Clinics implements appropriate technical and organizational measures to protect personal data against unauthorized access, loss, alteration, or disclosure.<\/p>\n<\/div><\/div>\n\n\n\n<div class=\"wp-block-uagb-container uagb-block-c817b97d alignfull uagb-is-root-container\"><div class=\"uagb-container-inner-blocks-wrap\">\n<div class=\"wp-block-uagb-advanced-heading uagb-block-a57c163b\"><h2 class=\"uagb-heading-text\">Cookies<\/h2><\/div>\n\n\n\n<p>The site uses technical cookies necessary for its proper functioning.<br><br>Audience measurement cookies may be used in an anonymized manner to improve user experience.<\/p>\n\n\n\n<p>The user can configure their browser to refuse cookies or be informed of their use.<\/p>\n<\/div><\/div>\n\n\n\n<div class=\"wp-block-uagb-container uagb-block-874eb48d alignfull uagb-is-root-container\"><div class=\"uagb-container-inner-blocks-wrap\">\n<div class=\"wp-block-uagb-advanced-heading uagb-block-4533c98a\"><h2 class=\"uagb-heading-text\">Data Retention Period<\/h2><\/div>\n\n\n\n<p><br>Personal data is retained only for the period necessary to fulfill the purposes for which it was collected, and in accordance with the legal obligations applicable to healthcare professionals.<\/p>\n<\/div><\/div>\n\n\n\n<div class=\"wp-block-uagb-container uagb-block-3eedbb76 alignfull uagb-is-root-container\"><div class=\"uagb-container-inner-blocks-wrap\">\n<div class=\"wp-block-uagb-advanced-heading uagb-block-a85bd1e8\"><h2 class=\"uagb-heading-text\">Rights of Data Subjects<\/h2><\/div>\n\n\n\n<p><br>In accordance with current legislation, every individual has the following rights:<\/p>\n\n\n\n<ul class=\"wp-block-list\">\n<li>right to access their data,<\/li>\n\n\n\n<li>right to rectification,<\/li>\n\n\n\n<li>right to restriction of processing,<\/li>\n\n\n\n<li>right to erasure within legal limits,<\/li>\n\n\n\n<li>right to object where applicable.<\/li>\n<\/ul>\n\n\n\n<p>Any request can be addressed in writing to the data controller.<\/p>\n<\/div><\/div>\n\n\n\n<div class=\"wp-block-uagb-container uagb-block-1071be8e alignfull uagb-is-root-container\"><div class=\"uagb-container-inner-blocks-wrap\">\n<div class=\"wp-block-uagb-advanced-heading uagb-block-e43b3493\"><h2 class=\"uagb-heading-text\">Changes to the Privacy Policy<\/h2><\/div>\n\n\n\n<p><br>This privacy policy may be updated at any time to reflect legal or technical developments.<\/p>\n\n\n\n<p>The current version is the one published on the website.<\/p>\n<\/div><\/div>\n\n\n\n<div class=\"wp-block-uagb-container uagb-block-2356350a alignfull uagb-is-root-container\"><div class=\"uagb-container-inner-blocks-wrap\">\n<div class=\"wp-block-uagb-advanced-heading uagb-block-9ae4d7df\"><h2 class=\"uagb-heading-text\">Contact<\/h2><\/div>\n\n\n\n<p><br>For any questions regarding the protection of personal data, you can contact:<\/p>\n\n\n\n<p><strong>Dental Swiss Clinics Riviera SA<\/strong><br>Montreux \u2013 Switzerland<\/p>\n<\/div><\/div>\n","protected":false},"excerpt":{"rendered":"<p>Privacy Policy Dental Swiss Clinics attaches particular importance to the protection of personal data of its patients, visitors, and website users. The purpose of this privacy policy is to clearly and transparently explain how personal data is collected, used, and protected, in accordance with the Swiss Federal Act on Data Protection (FADP) and, where applicable, [&hellip;]<\/p>\n","protected":false},"author":1,"featured_media":0,"parent":0,"menu_order":0,"comment_status":"closed","ping_status":"closed","template":"","meta":{"_uag_custom_page_level_css":"","site-sidebar-layout":"default","site-content-layout":"","ast-site-content-layout":"default","site-content-style":"default","site-sidebar-style":"default","ast-global-header-display":"","ast-banner-title-visibility":"","ast-main-header-display":"","ast-hfb-above-header-display":"","ast-hfb-below-header-display":"","ast-hfb-mobile-header-display":"","site-post-title":"disabled","ast-breadcrumbs-content":"","ast-featured-img":"","footer-sml-layout":"","ast-disable-related-posts":"","theme-transparent-header-meta":"","adv-header-id-meta":"","stick-header-meta":"","header-above-stick-meta":"","header-main-stick-meta":"","header-below-stick-meta":"","astra-migrate-meta-layouts":"set","ast-page-background-enabled":"default","ast-page-background-meta":{"desktop":{"background-color":"var(--ast-global-color-4)","background-image":"","background-repeat":"repeat","background-position":"center center","background-size":"auto","background-attachment":"scroll","background-type":"","background-media":"","overlay-type":"","overlay-color":"","overlay-opacity":"","overlay-gradient":""},"tablet":{"background-color":"","background-image":"","background-repeat":"repeat","background-position":"center center","background-size":"auto","background-attachment":"scroll","background-type":"","background-media":"","overlay-type":"","overlay-color":"","overlay-opacity":"","overlay-gradient":""},"mobile":{"background-color":"","background-image":"","background-repeat":"repeat","background-position":"center center","background-size":"auto","background-attachment":"scroll","background-type":"","background-media":"","overlay-type":"","overlay-color":"","overlay-opacity":"","overlay-gradient":""}},"ast-content-background-meta":{"desktop":{"background-color":"var(--ast-global-color-5)","background-image":"","background-repeat":"repeat","background-position":"center center","background-size":"auto","background-attachment":"scroll","background-type":"","background-media":"","overlay-type":"","overlay-color":"","overlay-opacity":"","overlay-gradient":""},"tablet":{"background-color":"var(--ast-global-color-5)","background-image":"","background-repeat":"repeat","background-position":"center center","background-size":"auto","background-attachment":"scroll","background-type":"","background-media":"","overlay-type":"","overlay-color":"","overlay-opacity":"","overlay-gradient":""},"mobile":{"background-color":"var(--ast-global-color-5)","background-image":"","background-repeat":"repeat","background-position":"center center","background-size":"auto","background-attachment":"scroll","background-type":"","background-media":"","overlay-type":"","overlay-color":"","overlay-opacity":"","overlay-gradient":""}},"footnotes":""},"class_list":["post-3120","page","type-page","status-publish","hentry"],"yoast_head":"<!-- This site is optimized with the Yoast SEO Premium plugin v27.5 (Yoast SEO v27.5) - https:\/\/yoast.com\/product\/yoast-seo-premium-wordpress\/ -->\n<title>Privacy Policy | Dental Swiss Clinics Riviera SA<\/title>\n<meta name=\"description\" content=\"Dental Swiss Clinics Riviera SA Privacy Policy \u2013 protection of personal data and compliance with Swiss legislation.\" \/>\n<meta name=\"robots\" content=\"index, follow, max-snippet:-1, max-image-preview:large, max-video-preview:-1\" \/>\n<link rel=\"canonical\" href=\"https:\/\/dentalswiss-clinics.ch\/en\/privacy-policy\/\" \/>\n<meta property=\"og:locale\" content=\"en_US\" \/>\n<meta property=\"og:type\" content=\"article\" \/>\n<meta property=\"og:title\" content=\"Privacy Policy\" \/>\n<meta property=\"og:description\" content=\"Dental Swiss Clinics Riviera SA Privacy Policy \u2013 protection of personal data and compliance with Swiss legislation.\" \/>\n<meta property=\"og:url\" content=\"https:\/\/dentalswiss-clinics.ch\/en\/privacy-policy\/\" \/>\n<meta property=\"og:site_name\" content=\"Dental Swiss Clinics\" \/>\n<meta property=\"article:modified_time\" content=\"2026-01-19T13:57:59+00:00\" \/>\n<meta property=\"og:image\" content=\"https:\/\/dentalswiss-clinics.ch\/wp-content\/uploads\/2025\/10\/dentiste-montreux-dental-swiss-clinics-bienvenue.png\" \/>\n\t<meta property=\"og:image:width\" content=\"1152\" \/>\n\t<meta property=\"og:image:height\" content=\"896\" \/>\n\t<meta property=\"og:image:type\" content=\"image\/png\" \/>\n<meta name=\"twitter:card\" content=\"summary_large_image\" \/>\n<meta name=\"twitter:label1\" content=\"Est. reading time\" \/>\n\t<meta name=\"twitter:data1\" content=\"3 minutes\" \/>\n<script type=\"application\/ld+json\" class=\"yoast-schema-graph\">{\"@context\":\"https:\\\/\\\/schema.org\",\"@graph\":[{\"@type\":[\"WebPage\",\"MedicalWebPage\"],\"@id\":\"https:\\\/\\\/dentalswiss-clinics.ch\\\/en\\\/privacy-policy\\\/\",\"url\":\"https:\\\/\\\/dentalswiss-clinics.ch\\\/en\\\/privacy-policy\\\/\",\"name\":\"Privacy Policy | Dental Swiss Clinics Riviera SA\",\"isPartOf\":{\"@id\":\"https:\\\/\\\/dentalswiss-clinics.ch\\\/en\\\/#website\"},\"primaryImageOfPage\":{\"@id\":\"https:\\\/\\\/dentalswiss-clinics.ch\\\/en\\\/privacy-policy\\\/#primaryimage\"},\"image\":{\"@id\":\"https:\\\/\\\/dentalswiss-clinics.ch\\\/en\\\/privacy-policy\\\/#primaryimage\"},\"thumbnailUrl\":\"https:\\\/\\\/dentalswiss-clinics.ch\\\/wp-content\\\/uploads\\\/2025\\\/10\\\/dentiste-montreux-dental-swiss-clinics-bienvenue-1024x796.png\",\"datePublished\":\"2026-01-17T21:09:35+00:00\",\"dateModified\":\"2026-01-19T13:57:59+00:00\",\"description\":\"Dental Swiss Clinics Riviera SA Privacy Policy \u2013 protection of personal data and compliance with Swiss legislation.\",\"breadcrumb\":{\"@id\":\"https:\\\/\\\/dentalswiss-clinics.ch\\\/en\\\/privacy-policy\\\/#breadcrumb\"},\"inLanguage\":\"en-US\",\"potentialAction\":[{\"@type\":\"ReadAction\",\"target\":[\"https:\\\/\\\/dentalswiss-clinics.ch\\\/en\\\/privacy-policy\\\/\"]}]},{\"@type\":\"ImageObject\",\"inLanguage\":\"en-US\",\"@id\":\"https:\\\/\\\/dentalswiss-clinics.ch\\\/en\\\/privacy-policy\\\/#primaryimage\",\"url\":\"https:\\\/\\\/dentalswiss-clinics.ch\\\/wp-content\\\/uploads\\\/2025\\\/10\\\/dentiste-montreux-dental-swiss-clinics-bienvenue-1024x796.png\",\"contentUrl\":\"https:\\\/\\\/dentalswiss-clinics.ch\\\/wp-content\\\/uploads\\\/2025\\\/10\\\/dentiste-montreux-dental-swiss-clinics-bienvenue-1024x796.png\"},{\"@type\":\"BreadcrumbList\",\"@id\":\"https:\\\/\\\/dentalswiss-clinics.ch\\\/en\\\/privacy-policy\\\/#breadcrumb\",\"itemListElement\":[{\"@type\":\"ListItem\",\"position\":1,\"name\":\"Accueil\",\"item\":\"https:\\\/\\\/dentalswiss-clinics.ch\\\/en\\\/\"},{\"@type\":\"ListItem\",\"position\":2,\"name\":\"Privacy Policy\"}]},{\"@type\":\"WebSite\",\"@id\":\"https:\\\/\\\/dentalswiss-clinics.ch\\\/en\\\/#website\",\"url\":\"https:\\\/\\\/dentalswiss-clinics.ch\\\/en\\\/\",\"name\":\"Dental Swiss Clinics\",\"description\":\"Votre sourire, notre pr\u00e9cision digitale\",\"publisher\":{\"@id\":\"https:\\\/\\\/dentalswiss-clinics.ch\\\/en\\\/#organization\"},\"potentialAction\":[{\"@type\":\"SearchAction\",\"target\":{\"@type\":\"EntryPoint\",\"urlTemplate\":\"https:\\\/\\\/dentalswiss-clinics.ch\\\/en\\\/?s={search_term_string}\"},\"query-input\":{\"@type\":\"PropertyValueSpecification\",\"valueRequired\":true,\"valueName\":\"search_term_string\"}}],\"inLanguage\":\"en-US\"},{\"@type\":[\"Organization\",\"Place\",\"Dentist\"],\"@id\":\"https:\\\/\\\/dentalswiss-clinics.ch\\\/en\\\/#organization\",\"name\":\"Dental Swiss Clinics\",\"url\":\"https:\\\/\\\/dentalswiss-clinics.ch\\\/en\\\/\",\"logo\":{\"@id\":\"https:\\\/\\\/dentalswiss-clinics.ch\\\/en\\\/privacy-policy\\\/#local-main-organization-logo\"},\"image\":{\"@id\":\"https:\\\/\\\/dentalswiss-clinics.ch\\\/en\\\/privacy-policy\\\/#local-main-organization-logo\"},\"sameAs\":[\"https:\\\/\\\/www.instagram.com\\\/dental_swiss_clinics\\\/?hl=fr\",\"https:\\\/\\\/www.linkedin.com\\\/in\\\/dental-swiss-clinics-montreux\\\/?originalSubdomain=ch\"],\"description\":\"Dental Swiss Clinics, votre cabinet dentaire \u00e0 Montreux : soins modernes, urgences, dentisterie num\u00e9rique et esth\u00e9tique pour toute la famille.\",\"legalName\":\"Dental Swiss Clinics Riviera SA\",\"foundingDate\":\"2016-10-01\",\"numberOfEmployees\":{\"@type\":\"QuantitativeValue\",\"minValue\":\"1\",\"maxValue\":\"10\"},\"publishingPrinciples\":\"https:\\\/\\\/dentalswiss-clinics.ch\\\/\",\"address\":{\"@id\":\"https:\\\/\\\/dentalswiss-clinics.ch\\\/en\\\/privacy-policy\\\/#local-main-place-address\"},\"geo\":{\"@type\":\"GeoCoordinates\",\"latitude\":\"46.43457\",\"longitude\":\"6.91044\"},\"telephone\":[\"0219665454\"],\"openingHoursSpecification\":[{\"@type\":\"OpeningHoursSpecification\",\"dayOfWeek\":[\"Monday\",\"Tuesday\",\"Wednesday\",\"Thursday\",\"Friday\"],\"opens\":\"08:00\",\"closes\":\"20:00\"},{\"@type\":\"OpeningHoursSpecification\",\"dayOfWeek\":[\"Saturday\",\"Sunday\"],\"opens\":\"00:00\",\"closes\":\"00:00\"}],\"email\":\"contact@dentalswiss-clinics.ch\",\"areaServed\":\"Montreux et Suisse romande\",\"vatID\":\"CHE-131.066.202\",\"globalLocationNumber\":\"7601002524704\",\"priceRange\":\"$$\",\"currenciesAccepted\":\"CHF\",\"paymentAccepted\":\"carte bancaire, num\u00e9raire, twint, google pay, apple pay\"},{\"@type\":\"PostalAddress\",\"@id\":\"https:\\\/\\\/dentalswiss-clinics.ch\\\/en\\\/privacy-policy\\\/#local-main-place-address\",\"streetAddress\":\"Grand Rue 52\",\"addressLocality\":\"Montreux\",\"postalCode\":\"1820\",\"addressCountry\":\"CH\"},{\"@type\":\"ImageObject\",\"inLanguage\":\"en-US\",\"@id\":\"https:\\\/\\\/dentalswiss-clinics.ch\\\/en\\\/privacy-policy\\\/#local-main-organization-logo\",\"url\":\"https:\\\/\\\/dentalswiss-clinics.ch\\\/wp-content\\\/uploads\\\/2025\\\/08\\\/LOGO-DSC.jpg\",\"contentUrl\":\"https:\\\/\\\/dentalswiss-clinics.ch\\\/wp-content\\\/uploads\\\/2025\\\/08\\\/LOGO-DSC.jpg\",\"width\":426,\"height\":492,\"caption\":\"Dental Swiss Clinics\"}]}<\/script>\n<meta name=\"geo.placename\" content=\"Montreux\" \/>\n<meta name=\"geo.position\" content=\"46.43457;6.91044\" \/>\n<meta name=\"geo.region\" content=\"Switzerland\" \/>\n<!-- \/ Yoast SEO Premium plugin. -->","yoast_head_json":{"title":"Privacy Policy | Dental Swiss Clinics Riviera SA","description":"Dental Swiss Clinics Riviera SA Privacy Policy \u2013 protection of personal data and compliance with Swiss legislation.","robots":{"index":"index","follow":"follow","max-snippet":"max-snippet:-1","max-image-preview":"max-image-preview:large","max-video-preview":"max-video-preview:-1"},"canonical":"https:\/\/dentalswiss-clinics.ch\/en\/privacy-policy\/","og_locale":"en_US","og_type":"article","og_title":"Privacy Policy","og_description":"Dental Swiss Clinics Riviera SA Privacy Policy \u2013 protection of personal data and compliance with Swiss legislation.","og_url":"https:\/\/dentalswiss-clinics.ch\/en\/privacy-policy\/","og_site_name":"Dental Swiss Clinics","article_modified_time":"2026-01-19T13:57:59+00:00","og_image":[{"width":1152,"height":896,"url":"https:\/\/dentalswiss-clinics.ch\/wp-content\/uploads\/2025\/10\/dentiste-montreux-dental-swiss-clinics-bienvenue.png","type":"image\/png"}],"twitter_card":"summary_large_image","twitter_misc":{"Est. reading time":"3 minutes"},"schema":{"@context":"https:\/\/schema.org","@graph":[{"@type":["WebPage","MedicalWebPage"],"@id":"https:\/\/dentalswiss-clinics.ch\/en\/privacy-policy\/","url":"https:\/\/dentalswiss-clinics.ch\/en\/privacy-policy\/","name":"Privacy Policy | Dental Swiss Clinics Riviera SA","isPartOf":{"@id":"https:\/\/dentalswiss-clinics.ch\/en\/#website"},"primaryImageOfPage":{"@id":"https:\/\/dentalswiss-clinics.ch\/en\/privacy-policy\/#primaryimage"},"image":{"@id":"https:\/\/dentalswiss-clinics.ch\/en\/privacy-policy\/#primaryimage"},"thumbnailUrl":"https:\/\/dentalswiss-clinics.ch\/wp-content\/uploads\/2025\/10\/dentiste-montreux-dental-swiss-clinics-bienvenue-1024x796.png","datePublished":"2026-01-17T21:09:35+00:00","dateModified":"2026-01-19T13:57:59+00:00","description":"Dental Swiss Clinics Riviera SA Privacy Policy \u2013 protection of personal data and compliance with Swiss legislation.","breadcrumb":{"@id":"https:\/\/dentalswiss-clinics.ch\/en\/privacy-policy\/#breadcrumb"},"inLanguage":"en-US","potentialAction":[{"@type":"ReadAction","target":["https:\/\/dentalswiss-clinics.ch\/en\/privacy-policy\/"]}]},{"@type":"ImageObject","inLanguage":"en-US","@id":"https:\/\/dentalswiss-clinics.ch\/en\/privacy-policy\/#primaryimage","url":"https:\/\/dentalswiss-clinics.ch\/wp-content\/uploads\/2025\/10\/dentiste-montreux-dental-swiss-clinics-bienvenue-1024x796.png","contentUrl":"https:\/\/dentalswiss-clinics.ch\/wp-content\/uploads\/2025\/10\/dentiste-montreux-dental-swiss-clinics-bienvenue-1024x796.png"},{"@type":"BreadcrumbList","@id":"https:\/\/dentalswiss-clinics.ch\/en\/privacy-policy\/#breadcrumb","itemListElement":[{"@type":"ListItem","position":1,"name":"Accueil","item":"https:\/\/dentalswiss-clinics.ch\/en\/"},{"@type":"ListItem","position":2,"name":"Privacy Policy"}]},{"@type":"WebSite","@id":"https:\/\/dentalswiss-clinics.ch\/en\/#website","url":"https:\/\/dentalswiss-clinics.ch\/en\/","name":"Dental Swiss Clinics","description":"Votre sourire, notre pr\u00e9cision digitale","publisher":{"@id":"https:\/\/dentalswiss-clinics.ch\/en\/#organization"},"potentialAction":[{"@type":"SearchAction","target":{"@type":"EntryPoint","urlTemplate":"https:\/\/dentalswiss-clinics.ch\/en\/?s={search_term_string}"},"query-input":{"@type":"PropertyValueSpecification","valueRequired":true,"valueName":"search_term_string"}}],"inLanguage":"en-US"},{"@type":["Organization","Place","Dentist"],"@id":"https:\/\/dentalswiss-clinics.ch\/en\/#organization","name":"Dental Swiss Clinics","url":"https:\/\/dentalswiss-clinics.ch\/en\/","logo":{"@id":"https:\/\/dentalswiss-clinics.ch\/en\/privacy-policy\/#local-main-organization-logo"},"image":{"@id":"https:\/\/dentalswiss-clinics.ch\/en\/privacy-policy\/#local-main-organization-logo"},"sameAs":["https:\/\/www.instagram.com\/dental_swiss_clinics\/?hl=fr","https:\/\/www.linkedin.com\/in\/dental-swiss-clinics-montreux\/?originalSubdomain=ch"],"description":"Dental Swiss Clinics, votre cabinet dentaire \u00e0 Montreux : soins modernes, urgences, dentisterie num\u00e9rique et esth\u00e9tique pour toute la famille.","legalName":"Dental Swiss Clinics Riviera SA","foundingDate":"2016-10-01","numberOfEmployees":{"@type":"QuantitativeValue","minValue":"1","maxValue":"10"},"publishingPrinciples":"https:\/\/dentalswiss-clinics.ch\/","address":{"@id":"https:\/\/dentalswiss-clinics.ch\/en\/privacy-policy\/#local-main-place-address"},"geo":{"@type":"GeoCoordinates","latitude":"46.43457","longitude":"6.91044"},"telephone":["0219665454"],"openingHoursSpecification":[{"@type":"OpeningHoursSpecification","dayOfWeek":["Monday","Tuesday","Wednesday","Thursday","Friday"],"opens":"08:00","closes":"20:00"},{"@type":"OpeningHoursSpecification","dayOfWeek":["Saturday","Sunday"],"opens":"00:00","closes":"00:00"}],"email":"contact@dentalswiss-clinics.ch","areaServed":"Montreux et Suisse romande","vatID":"CHE-131.066.202","globalLocationNumber":"7601002524704","priceRange":"$$","currenciesAccepted":"CHF","paymentAccepted":"carte bancaire, num\u00e9raire, twint, google pay, apple pay"},{"@type":"PostalAddress","@id":"https:\/\/dentalswiss-clinics.ch\/en\/privacy-policy\/#local-main-place-address","streetAddress":"Grand Rue 52","addressLocality":"Montreux","postalCode":"1820","addressCountry":"CH"},{"@type":"ImageObject","inLanguage":"en-US","@id":"https:\/\/dentalswiss-clinics.ch\/en\/privacy-policy\/#local-main-organization-logo","url":"https:\/\/dentalswiss-clinics.ch\/wp-content\/uploads\/2025\/08\/LOGO-DSC.jpg","contentUrl":"https:\/\/dentalswiss-clinics.ch\/wp-content\/uploads\/2025\/08\/LOGO-DSC.jpg","width":426,"height":492,"caption":"Dental Swiss Clinics"}]},"geo.placename":"Montreux","geo.position":{"lat":"46.43457","long":"6.91044"},"geo.region":"Switzerland"},"uagb_featured_image_src":{"full":false,"thumbnail":false,"medium":false,"medium_large":false,"large":false,"1536x1536":false,"2048x2048":false},"uagb_author_info":{"display_name":"Dr Salim Zerguine \/ Dental Swiss Clinics","author_link":"https:\/\/dentalswiss-clinics.ch\/en\/author\/admin\/"},"uagb_comment_info":0,"uagb_excerpt":"Privacy Policy Dental Swiss Clinics attaches particular importance to the protection of personal data of its patients, visitors, and website users. The purpose of this privacy policy is to clearly and transparently explain how personal data is collected, used, and protected, in accordance with the Swiss Federal Act on Data Protection (FADP) and, where applicable,&hellip;","_links":{"self":[{"href":"https:\/\/dentalswiss-clinics.ch\/en\/wp-json\/wp\/v2\/pages\/3120","targetHints":{"allow":["GET"]}}],"collection":[{"href":"https:\/\/dentalswiss-clinics.ch\/en\/wp-json\/wp\/v2\/pages"}],"about":[{"href":"https:\/\/dentalswiss-clinics.ch\/en\/wp-json\/wp\/v2\/types\/page"}],"author":[{"embeddable":true,"href":"https:\/\/dentalswiss-clinics.ch\/en\/wp-json\/wp\/v2\/users\/1"}],"replies":[{"embeddable":true,"href":"https:\/\/dentalswiss-clinics.ch\/en\/wp-json\/wp\/v2\/comments?post=3120"}],"version-history":[{"count":2,"href":"https:\/\/dentalswiss-clinics.ch\/en\/wp-json\/wp\/v2\/pages\/3120\/revisions"}],"predecessor-version":[{"id":3131,"href":"https:\/\/dentalswiss-clinics.ch\/en\/wp-json\/wp\/v2\/pages\/3120\/revisions\/3131"}],"wp:attachment":[{"href":"https:\/\/dentalswiss-clinics.ch\/en\/wp-json\/wp\/v2\/media?parent=3120"}],"curies":[{"name":"wp","href":"https:\/\/api.w.org\/{rel}","templated":true}]}}